{"id":2339,"date":"2024-02-06T13:00:43","date_gmt":"2024-02-06T13:00:43","guid":{"rendered":"https:\/\/link2ada.com\/kgdfloridalaw.com\/?page_id=2339"},"modified":"2025-03-21T16:49:53","modified_gmt":"2025-03-21T16:49:53","slug":"jonathan-h-groff","status":"publish","type":"page","link":"https:\/\/kgdfloridalaw.com\/es\/attorney-profiles\/jonathan-h-groff\/","title":{"rendered":"Jonathan H. Groff"},"content":{"rendered":"\t\t<div data-elementor-type=\"wp-page\" data-elementor-id=\"2339\" class=\"elementor elementor-2339\" data-elementor-post-type=\"page\">\n\t\t\t\t<div class=\"elementor-element elementor-element-7fa8cc9 e-flex e-con-boxed e-con e-parent\" data-id=\"7fa8cc9\" data-element_type=\"container\">\n\t\t\t\t\t<div class=\"e-con-inner\">\n\t\t<div class=\"elementor-element elementor-element-c85b31a e-flex e-con-boxed e-con e-child\" data-id=\"c85b31a\" data-element_type=\"container\">\n\t\t\t\t\t<div class=\"e-con-inner\">\n\t\t<div class=\"elementor-element elementor-element-9d33d0b e-con-full e-flex e-con e-child\" data-id=\"9d33d0b\" data-element_type=\"container\" data-settings=\"{&quot;sticky_on&quot;:[&quot;desktop&quot;],&quot;sticky_offset&quot;:45,&quot;sticky_parent&quot;:&quot;yes&quot;,&quot;sticky&quot;:&quot;top&quot;,&quot;sticky_effects_offset&quot;:0,&quot;sticky_anchor_link_offset&quot;:0}\">\n\t\t\t\t<div class=\"elementor-element elementor-element-408a1db elementor-widget-divider--view-line elementor-widget elementor-widget-divider\" data-id=\"408a1db\" data-element_type=\"widget\" data-widget_type=\"divider.default\">\n\t\t\t\t<div class=\"elementor-widget-container\">\n\t\t\t\t\t\t\t<div class=\"elementor-divider\">\n\t\t\t<span class=\"elementor-divider-separator\">\n\t\t\t\t\t\t<\/span>\n\t\t<\/div>\n\t\t\t\t\t\t<\/div>\n\t\t\t\t<\/div>\n\t\t\t\t<div class=\"elementor-element elementor-element-70c6953 elementor-widget elementor-widget-heading\" data-id=\"70c6953\" data-element_type=\"widget\" data-widget_type=\"heading.default\">\n\t\t\t\t<div class=\"elementor-widget-container\">\n\t\t\t\t\t<h2 class=\"elementor-heading-title elementor-size-default\">Jonathan H. Groff<\/h2>\t\t\t\t<\/div>\n\t\t\t\t<\/div>\n\t\t\t\t<div class=\"elementor-element elementor-element-e1134b5 elementor-widget elementor-widget-heading\" data-id=\"e1134b5\" data-element_type=\"widget\" data-widget_type=\"heading.default\">\n\t\t\t\t<div class=\"elementor-widget-container\">\n\t\t\t\t\t<h3 class=\"elementor-heading-title elementor-size-default\">Socio<\/h3>\t\t\t\t<\/div>\n\t\t\t\t<\/div>\n\t\t\t\t<\/div>\n\t\t<div class=\"elementor-element elementor-element-974149a e-con-full e-flex e-con e-child\" data-id=\"974149a\" data-element_type=\"container\">\n\t\t\t\t<div class=\"elementor-element elementor-element-c490a29 elementor-widget elementor-widget-image\" data-id=\"c490a29\" data-element_type=\"widget\" data-widget_type=\"image.default\">\n\t\t\t\t<div class=\"elementor-widget-container\">\n\t\t\t\t\t\t\t\t\t\t\t\t\t\t\t<img fetchpriority=\"high\" decoding=\"async\" width=\"800\" height=\"534\" src=\"https:\/\/kgdfloridalaw.com\/es\/wp-content\/uploads\/2024\/02\/jon-desk-1024x683-1.jpg\" class=\"attachment-large size-large wp-image-2234\" alt=\"\" srcset=\"https:\/\/kgdfloridalaw.com\/es\/wp-content\/uploads\/2024\/02\/jon-desk-1024x683-1.jpg 1024w, https:\/\/kgdfloridalaw.com\/es\/wp-content\/uploads\/2024\/02\/jon-desk-1024x683-1-300x200.jpg 300w, https:\/\/kgdfloridalaw.com\/es\/wp-content\/uploads\/2024\/02\/jon-desk-1024x683-1-768x512.jpg 768w\" sizes=\"(max-width: 800px) 100vw, 800px\" \/>\t\t\t\t\t\t\t\t\t\t\t\t\t\t\t<\/div>\n\t\t\t\t<\/div>\n\t\t\t\t<div class=\"elementor-element elementor-element-94b4e7f elementor-widget elementor-widget-text-editor\" data-id=\"94b4e7f\" data-element_type=\"widget\" data-widget_type=\"text-editor.default\">\n\t\t\t\t<div class=\"elementor-widget-container\">\n\t\t\t\t\t\t\t\t\t<p>Con m\u00e1s de tres d\u00e9cadas de experiencia litigando casos de lesiones personales, Jonathan Groff asume la responsabilidad principal de la pr\u00e1ctica de litigios y juicios de reclamos m\u00e1s importantes de la firma. Ha obtenido numerosos reconocimientos como abogado, incluida la prestigiosa designaci\u00f3n \u201cAV Preeminent \u201d\u00ae.<\/p><p>Desde el principio, el Sr. Groff participa en la investigaci\u00f3n, el desarrollo y las negociaciones para llegar a acuerdos en los casos de la firma. En litigios, dirige la pr\u00e1ctica de litigios de la firma, incluidos casos que involucran lesiones catastr\u00f3ficas, muerte por negligencia y reclamos de responsabilidad complejos. El Sr. Groff ha juzgado con \u00e9xito numerosos casos hasta llegar a veredicto y ha resuelto innumerables otras demandas por lesiones para clientes. Es miembro \u00c1guila de la Asociaci\u00f3n de Justicia de Florida; miembro del Colegio de Abogados de Florida; el Colegio de Abogados del Condado de Miami-Dade y el Colegio de Abogados Federal.<\/p><p><strong>\u00c1reas de pr\u00e1ctica:<\/strong>\u00a0 todos los aspectos de los litigios por lesiones personales, incluida la negligencia automovil\u00edstica; Responsabilidad de las instalaciones; Litigio de Seguros; Responsabilidad del producto y muerte por negligencia.<\/p><p><strong>Reconocimientos<\/strong>: El Sr. Groff se siente honrado de haber logrado la calificaci\u00f3n m\u00e1s alta de Martindale-Hubbell Law Directory, &#8220;AV Preeminent&#8221;\u00ae 5.0&#8221;. Menos del 5% del total de Abogados reciben este reconocimiento; lo cual es &#8220;&#8230; un testimonio del hecho de que los pares de un abogado lo ubican en el m\u00e1s alto nivel de excelencia profesional &#8220;. Desde 2020, Super Lawyers\u00ae ha incluido al Sr. Groff como uno de los abogados de lesiones personales mejor calificados de Miami. Tambi\u00e9n recibi\u00f3 una calificaci\u00f3n de \u201c10.0 Excelente\u201d de AVVO\u00ae, la calificaci\u00f3n m\u00e1s alta del servicio nacional de calificaci\u00f3n de abogados por su experiencia, reconocimiento de la industria y conducta profesional. En 2013, Martindale-Hubbell\u00ae volvi\u00f3 a reconocer al Sr. Groff al incluirlo en su Registro de Abogados Preeminentes\u00ae.<\/p><p><strong>Admisiones<\/strong>:\u00a0 Admitido en: Florida Bar, 1986; Tribunal de Distrito de los Estados Unidos para el Distrito Sur de Florida, 1991 (Federal); Abogado de Primera Instancia del Tribunal de Distrito de los Estados Unidos para el Distrito Sur de Florida, 1993.<\/p><p><strong>Personal \/ Educaci\u00f3n:<\/strong>\u00a0 Nacido: Miami, Florida, 24 de junio de 1960; Educaci\u00f3n: Universidad de Florida (BA 1983); Universidad de Miami (JD 1986)<\/p><p><strong>Participaci\u00f3n comunitaria:\u00a0 <\/strong>Presidente de la Junta , Junta de Parques e Instalaciones Recreativas, para la Ciudad de Miami Beach (2010 \u2013 2018); Miembro de la Junta , Holocaust Memorial Miami Beach (2007 \u2013 2019); Miembro del Comit\u00e9 : Comit\u00e9 de Evaluaci\u00f3n de la Ciudad de Miami Beach, para la evaluaci\u00f3n de la RFP para Servicios de Gesti\u00f3n de Tenis (2013); Presidente del Comit\u00e9 : Comit\u00e9 de Evaluaci\u00f3n de la Ciudad de Miami Beach, para la evaluaci\u00f3n de la RFP de software basado en Web alojado externamente para el Departamento de Parques (2012); Miembro de la Junta : Comit\u00e9 de Inhabilitaci\u00f3n de la Ciudad de Miami Beach (2009 -2010)<\/p><p><strong>N\u00famero directo:<\/strong> <a href=\"tel:3053028807\">305-302-8807<\/a><br \/><strong><a href=\"#\">Email Jonathan H. Groff<\/a><\/strong><\/p><p><img decoding=\"async\" class=\"alignnone size-full wp-image-2295\" src=\"https:\/\/kgdfloridalaw.com\/es\/wp-content\/uploads\/2024\/02\/ClientChampion_Platinum_MDH_250px_Mech.png\" alt=\"\" width=\"250\" height=\"56\" \/><\/p><p><img decoding=\"async\" class=\"alignnone size-full wp-image-2344\" src=\"https:\/\/kgdfloridalaw.com\/es\/wp-content\/uploads\/2024\/02\/Mh-preim2.png\" alt=\"\" width=\"300\" height=\"88\" \/><\/p><p><img loading=\"lazy\" decoding=\"async\" class=\"alignnone size-full wp-image-2343\" src=\"https:\/\/kgdfloridalaw.com\/es\/wp-content\/uploads\/2024\/02\/lawyerscom2.png\" alt=\"\" width=\"280\" height=\"59\" \/><\/p><p><img loading=\"lazy\" decoding=\"async\" class=\"alignnone size-full wp-image-2346\" src=\"https:\/\/kgdfloridalaw.com\/es\/wp-content\/uploads\/2024\/02\/avvo_rating-1esf.png\" alt=\"\" width=\"134\" height=\"121\" \/><\/p>\t\t\t\t\t\t\t\t<\/div>\n\t\t\t\t<\/div>\n\t\t\t\t<\/div>\n\t\t\t\t\t<\/div>\n\t\t\t\t<\/div>\n\t\t\t\t\t<\/div>\n\t\t\t\t<\/div>\n\t\t\t\t<\/div>\n\t\t","protected":false},"excerpt":{"rendered":"<p>Jonathan H. Groff Socio Con m\u00e1s de tres d\u00e9cadas de experiencia litigando casos de lesiones personales, Jonathan Groff asume la responsabilidad principal de la pr\u00e1ctica de litigios y juicios de reclamos m\u00e1s importantes de la firma. Ha obtenido numerosos reconocimientos como abogado, incluida la prestigiosa designaci\u00f3n \u201cAV Preeminent \u201d\u00ae. Desde el principio, el Sr. Groff [&hellip;]<\/p>\n","protected":false},"author":1,"featured_media":0,"parent":2218,"menu_order":0,"comment_status":"closed","ping_status":"closed","template":"","meta":{"footnotes":""},"class_list":["post-2339","page","type-page","status-publish","hentry"],"yoast_head":"<!-- This site is optimized with the Yoast SEO plugin v26.6 - https:\/\/yoast.com\/wordpress\/plugins\/seo\/ -->\n<title>Jonathan H. Groff: Abogado de Lesiones por Accidentes en Miami, FL<\/title>\n<meta name=\"description\" content=\"El abogado Jonathan Groff ha resuelto con \u00e9xito innumerables casos de demandas por lesiones persoales en accidentes, muerte por negligencia y resposabilidad de las instalaciones.\" \/>\n<meta name=\"robots\" content=\"index, follow, max-snippet:-1, max-image-preview:large, max-video-preview:-1\" \/>\n<link rel=\"canonical\" href=\"https:\/\/kgdfloridalaw.com\/es\/attorney-profiles\/jonathan-h-groff\/\" \/>\n<meta property=\"og:locale\" content=\"en_US\" \/>\n<meta property=\"og:type\" content=\"article\" \/>\n<meta property=\"og:title\" content=\"Jonathan H. Groff: Abogado de Lesiones por Accidentes en Miami, FL\" \/>\n<meta property=\"og:description\" content=\"El abogado Jonathan Groff ha resuelto con \u00e9xito innumerables casos de demandas por lesiones persoales en accidentes, muerte por negligencia y resposabilidad de las instalaciones.\" \/>\n<meta property=\"og:url\" content=\"https:\/\/kgdfloridalaw.com\/es\/attorney-profiles\/jonathan-h-groff\/\" \/>\n<meta property=\"og:site_name\" content=\"Miami Injury Lawyer | Personal Injury Is All We Do\" \/>\n<meta property=\"article:modified_time\" content=\"2025-03-21T16:49:53+00:00\" \/>\n<meta property=\"og:image\" content=\"https:\/\/kgdfloridalaw.com\/es\/wp-content\/uploads\/2024\/02\/jon-desk-1024x683-1.jpg\" \/>\n<meta name=\"twitter:card\" content=\"summary_large_image\" \/>\n<meta name=\"twitter:label1\" content=\"Est. reading time\" \/>\n\t<meta name=\"twitter:data1\" content=\"4 minutes\" \/>\n<script type=\"application\/ld+json\" class=\"yoast-schema-graph\">{\"@context\":\"https:\/\/schema.org\",\"@graph\":[{\"@type\":\"WebPage\",\"@id\":\"https:\/\/kgdfloridalaw.com\/es\/attorney-profiles\/jonathan-h-groff\/\",\"url\":\"https:\/\/kgdfloridalaw.com\/es\/attorney-profiles\/jonathan-h-groff\/\",\"name\":\"Jonathan H. Groff: Abogado de Lesiones por Accidentes en Miami, FL\",\"isPartOf\":{\"@id\":\"https:\/\/kgdfloridalaw.com\/es\/#website\"},\"primaryImageOfPage\":{\"@id\":\"https:\/\/kgdfloridalaw.com\/es\/attorney-profiles\/jonathan-h-groff\/#primaryimage\"},\"image\":{\"@id\":\"https:\/\/kgdfloridalaw.com\/es\/attorney-profiles\/jonathan-h-groff\/#primaryimage\"},\"thumbnailUrl\":\"https:\/\/kgdfloridalaw.com\/es\/wp-content\/uploads\/2024\/02\/jon-desk-1024x683-1.jpg\",\"datePublished\":\"2024-02-06T13:00:43+00:00\",\"dateModified\":\"2025-03-21T16:49:53+00:00\",\"description\":\"El abogado Jonathan Groff ha resuelto con \u00e9xito innumerables casos de demandas por lesiones persoales en accidentes, muerte por negligencia y resposabilidad de las instalaciones.\",\"breadcrumb\":{\"@id\":\"https:\/\/kgdfloridalaw.com\/es\/attorney-profiles\/jonathan-h-groff\/#breadcrumb\"},\"inLanguage\":\"en-US\",\"potentialAction\":[{\"@type\":\"ReadAction\",\"target\":[\"https:\/\/kgdfloridalaw.com\/es\/attorney-profiles\/jonathan-h-groff\/\"]}]},{\"@type\":\"ImageObject\",\"inLanguage\":\"en-US\",\"@id\":\"https:\/\/kgdfloridalaw.com\/es\/attorney-profiles\/jonathan-h-groff\/#primaryimage\",\"url\":\"https:\/\/kgdfloridalaw.com\/es\/wp-content\/uploads\/2024\/02\/jon-desk-1024x683-1.jpg\",\"contentUrl\":\"https:\/\/kgdfloridalaw.com\/es\/wp-content\/uploads\/2024\/02\/jon-desk-1024x683-1.jpg\",\"width\":1024,\"height\":683},{\"@type\":\"BreadcrumbList\",\"@id\":\"https:\/\/kgdfloridalaw.com\/es\/attorney-profiles\/jonathan-h-groff\/#breadcrumb\",\"itemListElement\":[{\"@type\":\"ListItem\",\"position\":1,\"name\":\"Home\",\"item\":\"https:\/\/kgdfloridalaw.com\/es\/\"},{\"@type\":\"ListItem\",\"position\":2,\"name\":\"Perfiles de abogados\",\"item\":\"https:\/\/kgdfloridalaw.com\/es\/attorney-profiles\/\"},{\"@type\":\"ListItem\",\"position\":3,\"name\":\"Jonathan H. Groff\"}]},{\"@type\":\"WebSite\",\"@id\":\"https:\/\/kgdfloridalaw.com\/es\/#website\",\"url\":\"https:\/\/kgdfloridalaw.com\/es\/\",\"name\":\"Miami Injury Lawyer | Personal Injury Is All We Do\",\"description\":\"Motorcycle Accidents, slip and fall, work injuries and more.\",\"potentialAction\":[{\"@type\":\"SearchAction\",\"target\":{\"@type\":\"EntryPoint\",\"urlTemplate\":\"https:\/\/kgdfloridalaw.com\/es\/?s={search_term_string}\"},\"query-input\":{\"@type\":\"PropertyValueSpecification\",\"valueRequired\":true,\"valueName\":\"search_term_string\"}}],\"inLanguage\":\"en-US\"}]}<\/script>\n<!-- \/ Yoast SEO plugin. -->","yoast_head_json":{"title":"Jonathan H. Groff: Abogado de Lesiones por Accidentes en Miami, FL","description":"El abogado Jonathan Groff ha resuelto con \u00e9xito innumerables casos de demandas por lesiones persoales en accidentes, muerte por negligencia y resposabilidad de las instalaciones.","robots":{"index":"index","follow":"follow","max-snippet":"max-snippet:-1","max-image-preview":"max-image-preview:large","max-video-preview":"max-video-preview:-1"},"canonical":"https:\/\/kgdfloridalaw.com\/es\/attorney-profiles\/jonathan-h-groff\/","og_locale":"en_US","og_type":"article","og_title":"Jonathan H. Groff: Abogado de Lesiones por Accidentes en Miami, FL","og_description":"El abogado Jonathan Groff ha resuelto con \u00e9xito innumerables casos de demandas por lesiones persoales en accidentes, muerte por negligencia y resposabilidad de las instalaciones.","og_url":"https:\/\/kgdfloridalaw.com\/es\/attorney-profiles\/jonathan-h-groff\/","og_site_name":"Miami Injury Lawyer | Personal Injury Is All We Do","article_modified_time":"2025-03-21T16:49:53+00:00","og_image":[{"url":"https:\/\/kgdfloridalaw.com\/es\/wp-content\/uploads\/2024\/02\/jon-desk-1024x683-1.jpg","type":"","width":"","height":""}],"twitter_card":"summary_large_image","twitter_misc":{"Est. reading time":"4 minutes"},"schema":{"@context":"https:\/\/schema.org","@graph":[{"@type":"WebPage","@id":"https:\/\/kgdfloridalaw.com\/es\/attorney-profiles\/jonathan-h-groff\/","url":"https:\/\/kgdfloridalaw.com\/es\/attorney-profiles\/jonathan-h-groff\/","name":"Jonathan H. Groff: Abogado de Lesiones por Accidentes en Miami, FL","isPartOf":{"@id":"https:\/\/kgdfloridalaw.com\/es\/#website"},"primaryImageOfPage":{"@id":"https:\/\/kgdfloridalaw.com\/es\/attorney-profiles\/jonathan-h-groff\/#primaryimage"},"image":{"@id":"https:\/\/kgdfloridalaw.com\/es\/attorney-profiles\/jonathan-h-groff\/#primaryimage"},"thumbnailUrl":"https:\/\/kgdfloridalaw.com\/es\/wp-content\/uploads\/2024\/02\/jon-desk-1024x683-1.jpg","datePublished":"2024-02-06T13:00:43+00:00","dateModified":"2025-03-21T16:49:53+00:00","description":"El abogado Jonathan Groff ha resuelto con \u00e9xito innumerables casos de demandas por lesiones persoales en accidentes, muerte por negligencia y resposabilidad de las instalaciones.","breadcrumb":{"@id":"https:\/\/kgdfloridalaw.com\/es\/attorney-profiles\/jonathan-h-groff\/#breadcrumb"},"inLanguage":"en-US","potentialAction":[{"@type":"ReadAction","target":["https:\/\/kgdfloridalaw.com\/es\/attorney-profiles\/jonathan-h-groff\/"]}]},{"@type":"ImageObject","inLanguage":"en-US","@id":"https:\/\/kgdfloridalaw.com\/es\/attorney-profiles\/jonathan-h-groff\/#primaryimage","url":"https:\/\/kgdfloridalaw.com\/es\/wp-content\/uploads\/2024\/02\/jon-desk-1024x683-1.jpg","contentUrl":"https:\/\/kgdfloridalaw.com\/es\/wp-content\/uploads\/2024\/02\/jon-desk-1024x683-1.jpg","width":1024,"height":683},{"@type":"BreadcrumbList","@id":"https:\/\/kgdfloridalaw.com\/es\/attorney-profiles\/jonathan-h-groff\/#breadcrumb","itemListElement":[{"@type":"ListItem","position":1,"name":"Home","item":"https:\/\/kgdfloridalaw.com\/es\/"},{"@type":"ListItem","position":2,"name":"Perfiles de abogados","item":"https:\/\/kgdfloridalaw.com\/es\/attorney-profiles\/"},{"@type":"ListItem","position":3,"name":"Jonathan H. Groff"}]},{"@type":"WebSite","@id":"https:\/\/kgdfloridalaw.com\/es\/#website","url":"https:\/\/kgdfloridalaw.com\/es\/","name":"Miami Injury Lawyer | Personal Injury Is All We Do","description":"Motorcycle Accidents, slip and fall, work injuries and more.","potentialAction":[{"@type":"SearchAction","target":{"@type":"EntryPoint","urlTemplate":"https:\/\/kgdfloridalaw.com\/es\/?s={search_term_string}"},"query-input":{"@type":"PropertyValueSpecification","valueRequired":true,"valueName":"search_term_string"}}],"inLanguage":"en-US"}]}},"_links":{"self":[{"href":"https:\/\/kgdfloridalaw.com\/es\/wp-json\/wp\/v2\/pages\/2339","targetHints":{"allow":["GET"]}}],"collection":[{"href":"https:\/\/kgdfloridalaw.com\/es\/wp-json\/wp\/v2\/pages"}],"about":[{"href":"https:\/\/kgdfloridalaw.com\/es\/wp-json\/wp\/v2\/types\/page"}],"author":[{"embeddable":true,"href":"https:\/\/kgdfloridalaw.com\/es\/wp-json\/wp\/v2\/users\/1"}],"replies":[{"embeddable":true,"href":"https:\/\/kgdfloridalaw.com\/es\/wp-json\/wp\/v2\/comments?post=2339"}],"version-history":[{"count":15,"href":"https:\/\/kgdfloridalaw.com\/es\/wp-json\/wp\/v2\/pages\/2339\/revisions"}],"predecessor-version":[{"id":3236,"href":"https:\/\/kgdfloridalaw.com\/es\/wp-json\/wp\/v2\/pages\/2339\/revisions\/3236"}],"up":[{"embeddable":true,"href":"https:\/\/kgdfloridalaw.com\/es\/wp-json\/wp\/v2\/pages\/2218"}],"wp:attachment":[{"href":"https:\/\/kgdfloridalaw.com\/es\/wp-json\/wp\/v2\/media?parent=2339"}],"curies":[{"name":"wp","href":"https:\/\/api.w.org\/{rel}","templated":true}]}}